{"id":128,"date":"2026-01-23T15:43:29","date_gmt":"2026-01-23T13:43:29","guid":{"rendered":"https:\/\/wp-diamant.kwst.net\/demo\/?page_id=128"},"modified":"2026-04-27T15:24:58","modified_gmt":"2026-04-27T15:24:58","slug":"contacts","status":"publish","type":"page","link":"https:\/\/casadoslivros.pt\/teste\/contacts\/","title":{"rendered":"Contatos"},"content":{"rendered":"\t\t<div data-elementor-type=\"wp-page\" data-elementor-id=\"128\" class=\"elementor elementor-128\">\n\t\t\t\t<div class=\"elementor-element elementor-element-9606b75 e-flex e-con-boxed e-con e-parent\" data-id=\"9606b75\" data-element_type=\"container\" data-e-type=\"container\">\n\t\t\t\t\t<div class=\"e-con-inner\">\n\t\t\t\t<div class=\"elementor-element elementor-element-932bcc4 elementor-widget elementor-widget-diamant-content-widgets\" data-id=\"932bcc4\" data-element_type=\"widget\" data-e-type=\"widget\" data-widget_type=\"diamant-content-widgets.default\">\n\t\t\t\t<div class=\"elementor-widget-container\">\n\t\t\t\t\t\t\t\t\r\n \t\r\n<div class=\"content-section parallax-section hero-section hidden-section\"\r\n    >\t\r\n    \t\t\r\n<div class=\"fs-wrapper\">\r\n\r\n<div class=\"bg par-elem par-elem_init\"\r\n     data-bg=\"https:\/\/casadoslivros.pt\/teste\/wp-content\/uploads\/2026\/04\/QUARTO-DB.jpg\">\r\n<\/div>\r\n\t<\/div>\r\n        <div class=\"overlay\"><\/div>\r\n    <div class=\"container\">\r\n        <div class=\"section-title\">\r\n                        <h4>Desfrute da Casa dos Livros - Guest House<\/h4>\r\n                                    <h2>Os nossos contatos<\/h2>\r\n                                    <div class=\"section-separator\"><span><i class=\"fa-thin fa-gem\"><\/i><\/span><\/div>\r\n                    <\/div>\r\n    <\/div>\r\n        <div class=\"hero-section-scroll\">\r\n        <div class=\"mousey\">\r\n            <div class=\"scroller\"><\/div>\r\n        <\/div>\r\n    <\/div>\r\n            <div class=\"dec-corner dc_lb\"><\/div>\r\n    <div class=\"dec-corner dc_rb\"><\/div>\r\n    <div class=\"dec-corner dc_rt\"><\/div>\r\n    <div class=\"dec-corner dc_lt\"><\/div>\r\n    <\/div>\r\n\r\n<!-- breadcrumbs-wrap -->\r\n<div class=\"breadcrumbs-wrap\"><div class=\"container\"><a href=\"https:\/\/casadoslivros.pt\/teste\/\">Home<\/a><\/div><\/div><!-- breadcrumbs-wrap end -->\r\n\t\t\t\t<\/div>\n\t\t\t\t<\/div>\n\t\t\t\t\t<\/div>\n\t\t\t\t<\/div>\n\t\t<div class=\"elementor-element elementor-element-7b2b9f7 e-flex e-con-boxed e-con e-parent\" data-id=\"7b2b9f7\" data-element_type=\"container\" data-e-type=\"container\">\n\t\t\t\t\t<div class=\"e-con-inner\">\n\t\t\t\t<div class=\"elementor-element elementor-element-12d6f98 elementor-widget elementor-widget-google_maps\" data-id=\"12d6f98\" data-element_type=\"widget\" data-e-type=\"widget\" data-widget_type=\"google_maps.default\">\n\t\t\t\t\t\t\t<div class=\"elementor-custom-embed\">\n\t\t\t<iframe loading=\"lazy\"\n\t\t\t\t\tsrc=\"https:\/\/maps.google.com\/maps?q=Rua%20Jos%C3%A9%20Veloso%20da%20Cruz%2C%206290-632%20Vila%20Nova%20de%20Tazem%2C%20Portugal&#038;t=m&#038;z=10&#038;output=embed&#038;iwloc=near\"\n\t\t\t\t\ttitle=\"Rua Jos\u00e9 Veloso da Cruz, 6290-632 Vila Nova de Tazem, Portugal\"\n\t\t\t\t\taria-label=\"Rua Jos\u00e9 Veloso da Cruz, 6290-632 Vila Nova de Tazem, Portugal\"\n\t\t\t><\/iframe>\n\t\t<\/div>\n\t\t\t\t\t\t<\/div>\n\t\t\t\t\t<\/div>\n\t\t\t\t<\/div>\n\t\t<div class=\"elementor-element elementor-element-c92d895 e-flex e-con-boxed e-con e-parent\" data-id=\"c92d895\" data-element_type=\"container\" data-e-type=\"container\">\n\t\t\t\t\t<div class=\"e-con-inner\">\n\t\t\t\t<div class=\"elementor-element elementor-element-a559d81 elementor-widget elementor-widget-diamant-contacts\" data-id=\"a559d81\" data-element_type=\"widget\" data-e-type=\"widget\" data-widget_type=\"diamant-contacts.default\">\n\t\t\t\t<div class=\"elementor-widget-container\">\n\t\t\t\t\t\n    <div class=\"content\">\n        <div class=\"content-section\">\n\n                            <div class=\"section-dec\"><\/div>\n            \n            <div class=\"content-dec2 fs-wrapper\"><\/div>\n\n            <div class=\"container\">\n\n                                    <div class=\"dc_dec-item_left\"><span><\/span><\/div>\n                \n                                    <div class=\"dc_dec-item_right\"><span><\/span><\/div>\n                \n                                    <div class=\"contacts-cards-wrap\">\n                        <div class=\"dec-container\">\n                            <div class=\"contacts-cards-container columns-3\">\n                                                                    <div class=\"contacts-card-box\">\n                                        <div class=\"contacts-card-item\">\n                                            <i class=\"fa-light fa-location-dot\"><\/i>\n                                            <span>A nossa localiza\u00e7\u00e3o<\/span>\n\n                                                                                            <p>Em Vila Nova de Tazem, a 21 km de Live Beach (Praia Artificial de Mangualde),  Situado a 43 km de Parque Natural Serra da Estrela, a S\u00e9 de Viseu fica a 37 km de Casa dos Livros - Guest House, enquanto a Igreja da Miseric\u00f3rdia de Viseu est\u00e1 a 37 km de dist\u00e2ncia. O Aeroporto Francisco S\u00e1 Carneiro fica a 174 km da propriedade.<\/p>\n                                            \n                                                                                            <a href=\"#\"\n                                                                                                      >\n                                                    Rua Jos\u00e9 Veloso da Cruz, 6290-632 Vila Nova de Tazem, Portugal                                                <\/a>\n                                            \n                                        <\/div>\n                                    <\/div>\n                                                                    <div class=\"contacts-card-box\">\n                                        <div class=\"contacts-card-item\">\n                                            <i class=\"fa-light fa-phone-rotary\"><\/i>\n                                            <span>O nosso contato<\/span>\n\n                                                                                            <p>A nossa hist\u00f3ria preferida ainda n\u00e3o foi escrita: \u00e9 a da sua estadia! Ligue-nos e dite o seu cap\u00edtulo inicial. \nEra uma vez... a sua reserva....\nLigue e comece a ler as suas f\u00e9rias.<\/p>\n                                            \n                                                                                            <a href=\"#\"\n                                                                                                      >\n                                                    +351 969 667 821 (&quot;Chamada para rede m\u00f3vel nacional&quot;)                                                <\/a>\n                                            \n                                        <\/div>\n                                    <\/div>\n                                                                    <div class=\"contacts-card-box\">\n                                        <div class=\"contacts-card-item\">\n                                            <i class=\"fa-light fa-mailbox\"><\/i>\n                                            <span>O nosso E-mail<\/span>\n\n                                                                                            <p>Envie-nos o seu rascunho.\nSeja para esclarecer uma nota de rodap\u00e9 ou para ditar o enredo da sua pr\u00f3xima estadia, o nosso correio eletr\u00f3nico \u00e9 a p\u00e1gina em branco perfeita. Escreva-nos e deixe que a Casa dos Livros seja o cen\u00e1rio do seu pr\u00f3ximo cap\u00edtulo inesquec\u00edvel.<\/p>\n                                            \n                                                                                            <a href=\"#\"\n                                                                                                      >\n                                                    Geral@casadoslivros.pt                                                <\/a>\n                                            \n                                        <\/div>\n                                    <\/div>\n                                                            <\/div>\n                        <\/div>\n                    <\/div>\n                \n                <!-- FORM + MAP -->\n                <div class=\"row contacts-layout layout-form_map_6_6\">\n\n                                            <div class=\"col-lg-6\" >\n                            <div class=\"dec-container\">\n                                <div class=\"text-block\">\n                                    <div class=\"tbc_subtitle\">\n                                        Entre em contato                                    <\/div>\n\n                                                                            <div class=\"tbc-separator\"><\/div>\n                                    \n                                    <div class=\"contactform-wrap\">\n                                        <div class=\"comment-form\">\n                                            \n<div class=\"wpcf7 no-js\" id=\"wpcf7-f157-o1\" lang=\"en-US\" dir=\"ltr\" data-wpcf7-id=\"157\">\n<div class=\"screen-reader-response\"><p role=\"status\" aria-live=\"polite\" aria-atomic=\"true\"><\/p> <ul><\/ul><\/div>\n<form action=\"\/teste\/wp-json\/wp\/v2\/pages\/128#wpcf7-f157-o1\" method=\"post\" class=\"wpcf7-form init\" aria-label=\"Contact form\" novalidate=\"novalidate\" data-status=\"init\">\n<fieldset class=\"hidden-fields-container\"><input type=\"hidden\" name=\"_wpcf7\" value=\"157\" \/><input type=\"hidden\" name=\"_wpcf7_version\" value=\"6.1.5\" \/><input type=\"hidden\" name=\"_wpcf7_locale\" value=\"en_US\" \/><input type=\"hidden\" name=\"_wpcf7_unit_tag\" value=\"wpcf7-f157-o1\" \/><input type=\"hidden\" name=\"_wpcf7_container_post\" value=\"0\" \/><input type=\"hidden\" name=\"_wpcf7_posted_data_hash\" value=\"\" \/>\n<\/fieldset>\n<fieldset>\n\t<div id=\"message\">\n\t<\/div>\n\t<div class=\"row\">\n\t\t<div class=\"col-lg-6\">\n\t\t\t<p><span class=\"wpcf7-form-control-wrap\" data-name=\"your-name\"><input size=\"40\" maxlength=\"400\" class=\"wpcf7-form-control wpcf7-text wpcf7-validates-as-required\" id=\"cf-name\" aria-required=\"true\" aria-invalid=\"false\" placeholder=\"Your Name *\" value=\"\" type=\"text\" name=\"your-name\" \/><\/span>\n\t\t\t<\/p>\n\t\t<\/div>\n\t\t<div class=\"col-lg-6\">\n\t\t\t<p><span class=\"wpcf7-form-control-wrap\" data-name=\"your-email\"><input size=\"40\" maxlength=\"400\" class=\"wpcf7-form-control wpcf7-email wpcf7-validates-as-required wpcf7-text wpcf7-validates-as-email\" id=\"cf-email\" aria-required=\"true\" aria-invalid=\"false\" placeholder=\"Email Address *\" value=\"\" type=\"email\" name=\"your-email\" \/><\/span>\n\t\t\t<\/p>\n\t\t<\/div>\n\t<\/div>\n\t<p><span class=\"wpcf7-form-control-wrap\" data-name=\"your-message\"><textarea cols=\"40\" rows=\"3\" maxlength=\"2000\" class=\"wpcf7-form-control wpcf7-textarea\" id=\"cf-comments\" aria-invalid=\"false\" placeholder=\"Your Message\" name=\"your-message\"><\/textarea><\/span>\n\t<\/p>\n\t<p><input class=\"wpcf7-form-control wpcf7-submit has-spinner commentssubmit\" id=\"submit_cnt\" type=\"submit\" value=\"Send Message\" \/>\n\t<\/p>\n<\/fieldset><div class=\"wpcf7-response-output\" aria-hidden=\"true\"><\/div>\n<\/form>\n<\/div>\n                                        <\/div>\n                                    <\/div>\n                                <\/div>\n                            <\/div>\n                        <\/div>\n                    \n                    \n                <\/div>\n\n            <\/div>\n        <\/div>\n\n                    <div class=\"content-dec\"><span><\/span><\/div>\n        \n    <\/div>\n\n    \t\t\t\t<\/div>\n\t\t\t\t<\/div>\n\t\t\t\t\t<\/div>\n\t\t\t\t<\/div>\n\t\t\t\t<\/div>\n\t\t","protected":false},"excerpt":{"rendered":"<p>Desfrute da Casa dos Livros &#8211; Guest House Os nossos contatos Home A nossa localiza\u00e7\u00e3o Em Vila Nova de Tazem, a 21 km de Live Beach (Praia Artificial de Mangualde), Situado a 43 km de Parque Natural Serra da Estrela, a S\u00e9 de Viseu fica a 37 km de Casa dos Livros &#8211; Guest House, [&hellip;]<\/p>\n","protected":false},"author":1,"featured_media":129,"parent":0,"menu_order":0,"comment_status":"closed","ping_status":"closed","template":"","meta":{"pagelayer_contact_templates":[],"_pagelayer_content":"","_monsterinsights_skip_tracking":false,"_monsterinsights_sitenote_active":false,"_monsterinsights_sitenote_note":"","_monsterinsights_sitenote_category":0,"footnotes":""},"class_list":["post-128","page","type-page","status-publish","has-post-thumbnail","hentry"],"aioseo_notices":[],"_links":{"self":[{"href":"https:\/\/casadoslivros.pt\/teste\/wp-json\/wp\/v2\/pages\/128","targetHints":{"allow":["GET"]}}],"collection":[{"href":"https:\/\/casadoslivros.pt\/teste\/wp-json\/wp\/v2\/pages"}],"about":[{"href":"https:\/\/casadoslivros.pt\/teste\/wp-json\/wp\/v2\/types\/page"}],"author":[{"embeddable":true,"href":"https:\/\/casadoslivros.pt\/teste\/wp-json\/wp\/v2\/users\/1"}],"replies":[{"embeddable":true,"href":"https:\/\/casadoslivros.pt\/teste\/wp-json\/wp\/v2\/comments?post=128"}],"version-history":[{"count":22,"href":"https:\/\/casadoslivros.pt\/teste\/wp-json\/wp\/v2\/pages\/128\/revisions"}],"predecessor-version":[{"id":1070,"href":"https:\/\/casadoslivros.pt\/teste\/wp-json\/wp\/v2\/pages\/128\/revisions\/1070"}],"wp:featuredmedia":[{"embeddable":true,"href":"https:\/\/casadoslivros.pt\/teste\/wp-json\/wp\/v2\/media\/129"}],"wp:attachment":[{"href":"https:\/\/casadoslivros.pt\/teste\/wp-json\/wp\/v2\/media?parent=128"}],"curies":[{"name":"wp","href":"https:\/\/api.w.org\/{rel}","templated":true}]}}